{"id":4456,"date":"2018-08-08T14:12:33","date_gmt":"2018-08-08T17:12:33","guid":{"rendered":"http:\/\/www.mochileiroshostel.com.br\/eng\/?page_id=4456"},"modified":"2021-06-29T10:05:35","modified_gmt":"2021-06-29T13:05:35","slug":"sitio-espinheiro-negro-juquitiba","status":"publish","type":"page","link":"http:\/\/www.mochileiroshostel.com.br\/eng\/sitio-espinheiro-negro-juquitiba\/","title":{"rendered":"Farmhouse Espinheiro Negro \u2013 Juquitiba"},"content":{"rendered":"<div class=\"wpb-content-wrapper\"><p>[vc_row][vc_column][vc_column_text]Birdwatching tourism is one of the main activities developed at Farmhouse &#8220;S\u00edtio Espinheiro Negro&#8221;, where it is possible to observe endemic species of Atlantic Forest, such as &#8220;Sabi\u00e1-cica&#8221; (Triclaria malachitacea), &#8220;Sabi\u00e1-pimenta&#8221; (Carpornis melanocephala).[\/vc_column_text][vc_media_grid grid_id=&#8221;vc_gid:1624971644463-34e1f37c-3c24-2&#8243; include=&#8221;3923,3922,3925,3926,3928&#8243;][\/vc_column][\/vc_row][vc_row][vc_column][vc_empty_space height=&#8221;52px&#8221;]\n\t<div class=\"thim-sc-heading  \" >\n\t\t<div class=\"article_heading \">\n\t\t\t<p class=\"heading_primary\"  >INSTAGRAM<\/p>\n\t\t\t\n\t\t\t \n\t\t\t\n\t\t<\/div>\n\t<\/div>[vc_empty_space height=&#8221;20px&#8221;][\/vc_column][\/vc_row][vc_row full_width=&#8221;stretch_row_content_no_spaces&#8221; css=&#8221;.vc_custom_1535990801094{margin-bottom: 0px !important;padding-bottom: 0px !important;}&#8221;][vc_column css=&#8221;.vc_custom_1535990807959{margin-bottom: 0px !important;padding-bottom: 0px !important;}&#8221;][vc_column_text css=&#8221;.vc_custom_1535990836645{margin-bottom: 0px !important;padding-bottom: 0px !important;}&#8221;]\n<div id=\"sb_instagram\"  class=\"sbi sbi_mob_col_1 sbi_tab_col_2 sbi_col_5\" style=\"width: 100%;\"\t data-feedid=\"sbi_17841402576597229#5\"  data-res=\"auto\" data-cols=\"5\" data-colsmobile=\"1\" data-colstablet=\"2\" data-num=\"5\" data-nummobile=\"\" data-item-padding=\"0\"\t data-shortcode-atts=\"{&quot;num&quot;:&quot;5&quot;,&quot;cols&quot;:&quot;5&quot;,&quot;imagepadding&quot;:&quot;0&quot;,&quot;showheader&quot;:&quot;false&quot;,&quot;showbutton&quot;:&quot;false&quot;,&quot;showfollow&quot;:&quot;false&quot;}\"  data-postid=\"4456\" data-locatornonce=\"3c91bc7d6e\" data-imageaspectratio=\"1:1\" data-sbi-flags=\"favorLocal\">\n\t\n\t<div id=\"sbi_images\" >\n\t\t\t<\/div>\n\n\t<div id=\"sbi_load\" >\n\n\t\n\t\n<\/div>\n\t\t<span class=\"sbi_resized_image_data\" data-feed-id=\"sbi_17841402576597229#5\"\n\t\t  data-resized=\"[]\">\n\t<\/span>\n\t<\/div>\n\n[\/vc_column_text][\/vc_column][\/vc_row]<\/p>\n<\/div>","protected":false},"excerpt":{"rendered":"<p>[vc_row][vc_column][vc_column_text]Birdwatching tourism is one of the main activities developed at Farmhouse &#8220;S\u00edtio Espinheiro Negro&#8221;, where it is possible to observe endemic species of Atlantic Forest, such as &#8220;Sabi\u00e1-cica&#8221; (Triclaria malachitacea), &#8220;Sabi\u00e1-pimenta&#8221; (Carpornis melanocephala).[\/vc_column_text][vc_media_grid grid_id=&#8221;vc_gid:1624971644463-34e1f37c-3c24-2&#8243; include=&#8221;3923,3922,3925,3926,3928&#8243;][\/vc_column][\/vc_row][vc_row][vc_column][vc_empty_space height=&#8221;52px&#8221;][vc_empty_space height=&#8221;20px&#8221;][\/vc_column][\/vc_row][vc_row full_width=&#8221;stretch_row_content_no_spaces&#8221; css=&#8221;.vc_custom_1535990801094{margin-bottom: 0px !important;padding-bottom: 0px !important;}&#8221;][vc_column css=&#8221;.vc_custom_1535990807959{margin-bottom: 0px !important;padding-bottom: 0px !important;}&#8221;][vc_column_text css=&#8221;.vc_custom_1535990836645{margin-bottom: 0px&#8230;<\/p>\n","protected":false},"author":1,"featured_media":0,"parent":0,"menu_order":0,"comment_status":"closed","ping_status":"closed","template":"","meta":{"footnotes":""},"class_list":["post-4456","page","type-page","status-publish","hentry"],"_links":{"self":[{"href":"http:\/\/www.mochileiroshostel.com.br\/eng\/wp-json\/wp\/v2\/pages\/4456","targetHints":{"allow":["GET"]}}],"collection":[{"href":"http:\/\/www.mochileiroshostel.com.br\/eng\/wp-json\/wp\/v2\/pages"}],"about":[{"href":"http:\/\/www.mochileiroshostel.com.br\/eng\/wp-json\/wp\/v2\/types\/page"}],"author":[{"embeddable":true,"href":"http:\/\/www.mochileiroshostel.com.br\/eng\/wp-json\/wp\/v2\/users\/1"}],"replies":[{"embeddable":true,"href":"http:\/\/www.mochileiroshostel.com.br\/eng\/wp-json\/wp\/v2\/comments?post=4456"}],"version-history":[{"count":3,"href":"http:\/\/www.mochileiroshostel.com.br\/eng\/wp-json\/wp\/v2\/pages\/4456\/revisions"}],"predecessor-version":[{"id":4782,"href":"http:\/\/www.mochileiroshostel.com.br\/eng\/wp-json\/wp\/v2\/pages\/4456\/revisions\/4782"}],"wp:attachment":[{"href":"http:\/\/www.mochileiroshostel.com.br\/eng\/wp-json\/wp\/v2\/media?parent=4456"}],"curies":[{"name":"wp","href":"https:\/\/api.w.org\/{rel}","templated":true}]}}